{"id":1000499,"date":"2026-03-14T19:15:53","date_gmt":"2026-03-14T19:15:53","guid":{"rendered":"https:\/\/coimsol.pe\/new\/?page_id=1000499"},"modified":"2026-03-15T06:17:02","modified_gmt":"2026-03-15T06:17:02","slug":"nosotros","status":"publish","type":"page","link":"https:\/\/coimsol.pe\/new\/nosotros\/","title":{"rendered":"Nosotros"},"content":{"rendered":"\t\t<div data-elementor-type=\"wp-page\" data-elementor-id=\"1000499\" class=\"elementor elementor-1000499\">\n\t\t\t\t<div class=\"elementor-element elementor-element-6fa65faf e-flex e-con-boxed glozin-responsive-column glozin-tablet-column--default glozin-responsive-column glozin-mobile-column--default glozin-responsive-column glozin-motion--var(--position) e-con e-parent\" data-id=\"6fa65faf\" data-element_type=\"container\" data-e-type=\"container\">\n\t\t\t\t\t<div class=\"e-con-inner\">\n\t\t\t\t<div class=\"elementor-element elementor-element-3622e4d2 elementor-widget elementor-widget-glozin-heading\" data-id=\"3622e4d2\" data-element_type=\"widget\" data-e-type=\"widget\" data-widget_type=\"glozin-heading.default\">\n\t\t\t\t<div class=\"elementor-widget-container\">\n\t\t\t\t\t\t\t<div class=\"glozin-heading-elementor\">\n\t\t\t\t<h2 class=\"glozin-heading d-flex align-items-center my-0 glozin-heading--default\">\n\t\t\t\t\tCorporaci\u00f3n Import Sol S.A.C\t\t\t\t<\/h2>\n\t\t\t<\/div>\n\t\t\t\t\t\t<\/div>\n\t\t\t\t<\/div>\n\t\t\t\t<div class=\"elementor-element elementor-element-18b9d3b0 elementor-widget elementor-widget-glozin-heading\" data-id=\"18b9d3b0\" data-element_type=\"widget\" data-e-type=\"widget\" data-widget_type=\"glozin-heading.default\">\n\t\t\t\t<div class=\"elementor-widget-container\">\n\t\t\t\t\t\t\t<div class=\"glozin-heading-elementor\">\n\t\t\t\t<div class=\"glozin-heading d-flex align-items-center my-0 glozin-heading--default\">\n\t\t\t\t\tSomos una empresa peruana cuyo objevo principal es brindar soluciones integrales a trav\u00e9s de la importaci\u00f3n, distribuci\u00f3n, comercializaci\u00f3n y servicios de repuestos el\u00e9ctricos, mec\u00e1nicos y electr\u00f3nicos; contando con marcas internacionales brindando calidad, oportunidad y precio, lo cual permite cubrir las necesidades exigentes de nuestros clientes.\n\nNos desarrollamos en diversos sectores econ\u00f3micos como la miner\u00eda, energ\u00eda, industria, comercio, construcci\u00f3n, servicios, telecomunicaciones, naviero, pesca, agroindustria entre otros.\t\t\t\t<\/div>\n\t\t\t<\/div>\n\t\t\t\t\t\t<\/div>\n\t\t\t\t<\/div>\n\t\t\t\t\t<\/div>\n\t\t\t\t<\/div>\n\t\t<div class=\"elementor-element elementor-element-61ace5de e-flex e-con-boxed glozin-responsive-column glozin-tablet-column--default glozin-responsive-column glozin-mobile-column--default glozin-responsive-column glozin-motion--var(--position) e-con e-parent\" data-id=\"61ace5de\" data-element_type=\"container\" data-e-type=\"container\">\n\t\t\t\t\t<div class=\"e-con-inner\">\n\t\t\t\t<div class=\"elementor-element elementor-element-49f698e4 elementor-widget elementor-widget-image\" data-id=\"49f698e4\" data-element_type=\"widget\" data-e-type=\"widget\" data-widget_type=\"image.default\">\n\t\t\t\t\t\t\t\t\t\t\t\t\t\t\t<img fetchpriority=\"high\" decoding=\"async\" width=\"1600\" height=\"667\" src=\"https:\/\/coimsol.pe\/new\/wp-content\/uploads\/sericios_5.jpg\" class=\"attachment-full size-full wp-image-1000536\" alt=\"\" srcset=\"https:\/\/coimsol.pe\/new\/wp-content\/uploads\/sericios_5.jpg 1600w, https:\/\/coimsol.pe\/new\/wp-content\/uploads\/sericios_5-300x125.jpg 300w, https:\/\/coimsol.pe\/new\/wp-content\/uploads\/sericios_5-1024x427.jpg 1024w, https:\/\/coimsol.pe\/new\/wp-content\/uploads\/sericios_5-768x320.jpg 768w, https:\/\/coimsol.pe\/new\/wp-content\/uploads\/sericios_5-1536x640.jpg 1536w, https:\/\/coimsol.pe\/new\/wp-content\/uploads\/sericios_5-600x250.jpg 600w, https:\/\/coimsol.pe\/new\/wp-content\/uploads\/sericios_5-130x54.jpg 130w\" sizes=\"(max-width: 1600px) 100vw, 1600px\" \/>\t\t\t\t\t\t\t\t\t\t\t\t\t\t\t<\/div>\n\t\t\t\t\t<\/div>\n\t\t\t\t<\/div>\n\t\t<div class=\"elementor-element elementor-element-45d89174 e-flex e-con-boxed glozin-responsive-column glozin-tablet-column--default glozin-responsive-column glozin-mobile-column--default glozin-responsive-column glozin-motion--var(--position) e-con e-parent\" data-id=\"45d89174\" data-element_type=\"container\" data-e-type=\"container\">\n\t\t\t\t\t<div class=\"e-con-inner\">\n\t\t\t\t<div class=\"elementor-element elementor-element-b10e564 elementor-widget-divider--view-line elementor-widget elementor-widget-divider\" data-id=\"b10e564\" data-element_type=\"widget\" data-e-type=\"widget\" data-widget_type=\"divider.default\">\n\t\t\t\t\t\t\t<div class=\"elementor-divider\">\n\t\t\t<span class=\"elementor-divider-separator\">\n\t\t\t\t\t\t<\/span>\n\t\t<\/div>\n\t\t\t\t\t\t<\/div>\n\t\t\t\t\t<\/div>\n\t\t\t\t<\/div>\n\t\t<div class=\"elementor-element elementor-element-4c087d23 e-flex e-con-boxed glozin-responsive-column glozin-tablet-column--default glozin-responsive-column glozin-mobile-column--default glozin-responsive-column glozin-motion--var(--position) e-con e-parent\" data-id=\"4c087d23\" data-element_type=\"container\" data-e-type=\"container\">\n\t\t\t\t\t<div class=\"e-con-inner\">\n\t\t<div class=\"elementor-element elementor-element-727cc576 e-con-full e-flex glozin-responsive-column glozin-tablet-column--default glozin-responsive-column glozin-mobile-column--default glozin-responsive-column glozin-motion--var(--position) e-con e-child\" data-id=\"727cc576\" data-element_type=\"container\" data-e-type=\"container\">\n\t\t\t\t<div class=\"elementor-element elementor-element-587bd5a8 elementor-widget elementor-widget-image\" data-id=\"587bd5a8\" data-element_type=\"widget\" data-e-type=\"widget\" data-widget_type=\"image.default\">\n\t\t\t\t\t\t\t\t\t\t\t\t\t\t\t<img decoding=\"async\" width=\"2560\" height=\"1429\" src=\"https:\/\/coimsol.pe\/new\/wp-content\/uploads\/mision-scaled.jpeg\" class=\"attachment-full size-full wp-image-1000546\" alt=\"\" srcset=\"https:\/\/coimsol.pe\/new\/wp-content\/uploads\/mision-scaled.jpeg 2560w, https:\/\/coimsol.pe\/new\/wp-content\/uploads\/mision-300x167.jpeg 300w, https:\/\/coimsol.pe\/new\/wp-content\/uploads\/mision-1024x572.jpeg 1024w, https:\/\/coimsol.pe\/new\/wp-content\/uploads\/mision-768x429.jpeg 768w, https:\/\/coimsol.pe\/new\/wp-content\/uploads\/mision-1536x857.jpeg 1536w, https:\/\/coimsol.pe\/new\/wp-content\/uploads\/mision-2048x1143.jpeg 2048w, https:\/\/coimsol.pe\/new\/wp-content\/uploads\/mision-600x335.jpeg 600w, https:\/\/coimsol.pe\/new\/wp-content\/uploads\/mision-scaled-130x73.jpeg 130w\" sizes=\"(max-width: 2560px) 100vw, 2560px\" \/>\t\t\t\t\t\t\t\t\t\t\t\t\t\t\t<\/div>\n\t\t\t\t<\/div>\n\t\t<div class=\"elementor-element elementor-element-5efbf3c1 e-con-full e-flex glozin-responsive-column glozin-tablet-column--default glozin-responsive-column glozin-mobile-column--default glozin-responsive-column glozin-motion--var(--position) e-con e-child\" data-id=\"5efbf3c1\" data-element_type=\"container\" data-e-type=\"container\">\n\t\t\t\t<div class=\"elementor-element elementor-element-5aa25d83 elementor-widget elementor-widget-glozin-heading\" data-id=\"5aa25d83\" data-element_type=\"widget\" data-e-type=\"widget\" data-widget_type=\"glozin-heading.default\">\n\t\t\t\t<div class=\"elementor-widget-container\">\n\t\t\t\t\t\t\t<div class=\"glozin-heading-elementor\">\n\t\t\t\t<h2 class=\"glozin-heading d-flex align-items-center my-0 glozin-heading--default\">\n\t\t\t\t\tMisi\u00f3n\t\t\t\t<\/h2>\n\t\t\t<\/div>\n\t\t\t\t\t\t<\/div>\n\t\t\t\t<\/div>\n\t\t\t\t<div class=\"elementor-element elementor-element-3e664cca elementor-widget elementor-widget-glozin-heading\" data-id=\"3e664cca\" data-element_type=\"widget\" data-e-type=\"widget\" data-widget_type=\"glozin-heading.default\">\n\t\t\t\t<div class=\"elementor-widget-container\">\n\t\t\t\t\t\t\t<div class=\"glozin-heading-elementor\">\n\t\t\t\t<div class=\"glozin-heading d-flex align-items-center my-0 glozin-heading--default\">\n\t\t\t\t\tContribuir a sa\n\nsfacer las necesidades de\nnuestros clientes con una amplia gama de\nrepuestos y accesorios en todos los sectores\nindustriales, brindar soluciones con los\nservicios de acuerdo a las necesidades de\nnuestros clientes, cumpliendo con sus\nrequerimientos, trabajamos con un equipo\nhumano especializado y comprome\ndo.\t\t\t\t<\/div>\n\t\t\t<\/div>\n\t\t\t\t\t\t<\/div>\n\t\t\t\t<\/div>\n\t\t\t\t<\/div>\n\t\t\t\t\t<\/div>\n\t\t\t\t<\/div>\n\t\t<div class=\"elementor-element elementor-element-38166ddd e-flex e-con-boxed glozin-responsive-column glozin-tablet-column--default glozin-responsive-column glozin-mobile-column--default glozin-responsive-column glozin-motion--var(--position) e-con e-parent\" data-id=\"38166ddd\" data-element_type=\"container\" data-e-type=\"container\">\n\t\t\t\t\t<div class=\"e-con-inner\">\n\t\t<div class=\"elementor-element elementor-element-18574f2b e-con-full e-flex glozin-responsive-column glozin-tablet-column--default glozin-responsive-column glozin-mobile-column--default glozin-responsive-column glozin-motion--var(--position) e-con e-child\" data-id=\"18574f2b\" data-element_type=\"container\" data-e-type=\"container\">\n\t\t\t\t<div class=\"elementor-element elementor-element-47715ad3 elementor-widget elementor-widget-glozin-heading\" data-id=\"47715ad3\" data-element_type=\"widget\" data-e-type=\"widget\" data-widget_type=\"glozin-heading.default\">\n\t\t\t\t<div class=\"elementor-widget-container\">\n\t\t\t\t\t\t\t<div class=\"glozin-heading-elementor\">\n\t\t\t\t<h2 class=\"glozin-heading d-flex align-items-center my-0 glozin-heading--default\">\n\t\t\t\t\tVisi\u00f3n\t\t\t\t<\/h2>\n\t\t\t<\/div>\n\t\t\t\t\t\t<\/div>\n\t\t\t\t<\/div>\n\t\t\t\t<div class=\"elementor-element elementor-element-55e87d8f elementor-widget elementor-widget-glozin-heading\" data-id=\"55e87d8f\" data-element_type=\"widget\" data-e-type=\"widget\" data-widget_type=\"glozin-heading.default\">\n\t\t\t\t<div class=\"elementor-widget-container\">\n\t\t\t\t\t\t\t<div class=\"glozin-heading-elementor\">\n\t\t\t\t<div class=\"glozin-heading d-flex align-items-center my-0 glozin-heading--default\">\n\t\t\t\t\tSer la empresa l\u00edder a nivel nacional e\ninternacional en ventas, comercializaci\u00f3n,\nimportac i\u00f3n y ser vi c io el\u00e9c tri cos,\nmec\u00e1nicos y electr\u00f3nicos, brindando\nsoluciones integrales para todos los\nsectores industriales y generando confianza\ny calidad a nuestros clientes.\t\t\t\t<\/div>\n\t\t\t<\/div>\n\t\t\t\t\t\t<\/div>\n\t\t\t\t<\/div>\n\t\t\t\t<\/div>\n\t\t<div class=\"elementor-element elementor-element-165f7c9 e-con-full e-flex glozin-responsive-column glozin-tablet-column--default glozin-responsive-column glozin-mobile-column--default glozin-responsive-column glozin-motion--var(--position) e-con e-child\" data-id=\"165f7c9\" data-element_type=\"container\" data-e-type=\"container\">\n\t\t\t\t<div class=\"elementor-element elementor-element-54ea32ce elementor-widget elementor-widget-image\" data-id=\"54ea32ce\" data-element_type=\"widget\" data-e-type=\"widget\" data-widget_type=\"image.default\">\n\t\t\t\t\t\t\t\t\t\t\t\t\t\t\t<img decoding=\"async\" width=\"2560\" height=\"1429\" src=\"https:\/\/coimsol.pe\/new\/wp-content\/uploads\/vision-scaled.png\" class=\"attachment-full size-full wp-image-1000547\" alt=\"\" srcset=\"https:\/\/coimsol.pe\/new\/wp-content\/uploads\/vision-scaled.png 2560w, https:\/\/coimsol.pe\/new\/wp-content\/uploads\/vision-300x167.png 300w, https:\/\/coimsol.pe\/new\/wp-content\/uploads\/vision-1024x572.png 1024w, https:\/\/coimsol.pe\/new\/wp-content\/uploads\/vision-768x429.png 768w, https:\/\/coimsol.pe\/new\/wp-content\/uploads\/vision-1536x857.png 1536w, https:\/\/coimsol.pe\/new\/wp-content\/uploads\/vision-2048x1143.png 2048w, https:\/\/coimsol.pe\/new\/wp-content\/uploads\/vision-600x335.png 600w, https:\/\/coimsol.pe\/new\/wp-content\/uploads\/vision-scaled-130x73.png 130w\" sizes=\"(max-width: 2560px) 100vw, 2560px\" \/>\t\t\t\t\t\t\t\t\t\t\t\t\t\t\t<\/div>\n\t\t\t\t<\/div>\n\t\t\t\t\t<\/div>\n\t\t\t\t<\/div>\n\t\t<div class=\"elementor-element elementor-element-3b7dca09 e-flex e-con-boxed glozin-responsive-column glozin-tablet-column--default glozin-responsive-column glozin-mobile-column--default glozin-responsive-column glozin-motion--var(--position) e-con e-parent\" data-id=\"3b7dca09\" data-element_type=\"container\" data-e-type=\"container\">\n\t\t\t\t\t<div class=\"e-con-inner\">\n\t\t\t\t<div class=\"elementor-element elementor-element-491a5b5c elementor-widget-divider--view-line elementor-widget elementor-widget-divider\" data-id=\"491a5b5c\" data-element_type=\"widget\" data-e-type=\"widget\" data-widget_type=\"divider.default\">\n\t\t\t\t\t\t\t<div class=\"elementor-divider\">\n\t\t\t<span class=\"elementor-divider-separator\">\n\t\t\t\t\t\t<\/span>\n\t\t<\/div>\n\t\t\t\t\t\t<\/div>\n\t\t\t\t\t<\/div>\n\t\t\t\t<\/div>\n\t\t\t\t<\/div>\n\t\t","protected":false},"excerpt":{"rendered":"<p>Corporaci\u00f3n Import Sol S.A.C Somos una empresa peruana cuyo objevo principal es brindar soluciones integrales a trav\u00e9s de la importaci\u00f3n, distribuci\u00f3n, comercializaci\u00f3n y servicios de repuestos el\u00e9ctricos, mec\u00e1nicos y electr\u00f3nicos; contando con marcas internacionales brindando calidad, oportunidad y precio, lo cual permite cubrir las necesidades exigentes de nuestros clientes. Nos desarrollamos en diversos sectores econ\u00f3micos [&hellip;]<\/p>\n","protected":false},"author":1,"featured_media":0,"parent":0,"menu_order":0,"comment_status":"closed","ping_status":"closed","template":"","meta":{"_joinchat":[],"footnotes":""},"class_list":["post-1000499","page","type-page","status-publish","hentry"],"_hostinger_reach_plugin_has_subscription_block":false,"_hostinger_reach_plugin_is_elementor":false,"_links":{"self":[{"href":"https:\/\/coimsol.pe\/new\/wp-json\/wp\/v2\/pages\/1000499","targetHints":{"allow":["GET"]}}],"collection":[{"href":"https:\/\/coimsol.pe\/new\/wp-json\/wp\/v2\/pages"}],"about":[{"href":"https:\/\/coimsol.pe\/new\/wp-json\/wp\/v2\/types\/page"}],"author":[{"embeddable":true,"href":"https:\/\/coimsol.pe\/new\/wp-json\/wp\/v2\/users\/1"}],"replies":[{"embeddable":true,"href":"https:\/\/coimsol.pe\/new\/wp-json\/wp\/v2\/comments?post=1000499"}],"version-history":[{"count":22,"href":"https:\/\/coimsol.pe\/new\/wp-json\/wp\/v2\/pages\/1000499\/revisions"}],"predecessor-version":[{"id":1000550,"href":"https:\/\/coimsol.pe\/new\/wp-json\/wp\/v2\/pages\/1000499\/revisions\/1000550"}],"wp:attachment":[{"href":"https:\/\/coimsol.pe\/new\/wp-json\/wp\/v2\/media?parent=1000499"}],"curies":[{"name":"wp","href":"https:\/\/api.w.org\/{rel}","templated":true}]}}