{"id":415,"date":"2025-03-20T04:27:57","date_gmt":"2025-03-20T04:27:57","guid":{"rendered":"http:\/\/localhost\/glozin\/?page_id=415"},"modified":"2026-03-22T03:43:36","modified_gmt":"2026-03-22T03:43:36","slug":"servicios-especializados","status":"publish","type":"page","link":"https:\/\/coimsol.pe\/new\/servicios-especializados\/","title":{"rendered":"Servicios Especializados"},"content":{"rendered":"\t\t<div data-elementor-type=\"wp-page\" data-elementor-id=\"415\" class=\"elementor elementor-415\">\n\t\t\t\t<div class=\"elementor-element elementor-element-6fa65faf e-flex e-con-boxed glozin-responsive-column glozin-tablet-column--default glozin-responsive-column glozin-mobile-column--default glozin-responsive-column glozin-motion--var(--position) e-con e-parent\" data-id=\"6fa65faf\" data-element_type=\"container\" data-e-type=\"container\">\n\t\t\t\t\t<div class=\"e-con-inner\">\n\t\t\t\t<div class=\"elementor-element elementor-element-3622e4d2 elementor-widget elementor-widget-glozin-heading\" data-id=\"3622e4d2\" data-element_type=\"widget\" data-e-type=\"widget\" data-widget_type=\"glozin-heading.default\">\n\t\t\t\t<div class=\"elementor-widget-container\">\n\t\t\t\t\t\t\t<div class=\"glozin-heading-elementor\">\n\t\t\t\t<h2 class=\"glozin-heading d-flex align-items-center my-0 glozin-heading--default\">\n\t\t\t\t\t\nInstalaci\u00f3n y mantenimiento<br>de sistemas el\u00e9ctricos\t\t\t\t<\/h2>\n\t\t\t<\/div>\n\t\t\t\t\t\t<\/div>\n\t\t\t\t<\/div>\n\t\t\t\t<div class=\"elementor-element elementor-element-18b9d3b0 elementor-widget elementor-widget-glozin-heading\" data-id=\"18b9d3b0\" data-element_type=\"widget\" data-e-type=\"widget\" data-widget_type=\"glozin-heading.default\">\n\t\t\t\t<div class=\"elementor-widget-container\">\n\t\t\t\t\t\t\t<div class=\"glozin-heading-elementor\">\n\t\t\t\t<div class=\"glozin-heading d-flex align-items-center my-0 glozin-heading--default\">\n\t\t\t\t\tEn Coimsol, ofrecemos soluciones t\u00e9cnicas y personalizadas para la industria minera y fabricantes de maquinaria de perforaci\u00f3n.  brindamos una amplia gama de servicios especializados, desde el mantenimiento el\u00e9ctrico industrial de equipos de perforaci\u00f3n diamantina y trackless, hasta el dise\u00f1o y fabricaci\u00f3n de piezas mec\u00e1nicas, tableros el\u00e9ctricos y estructuras met\u00e1licas. Nuestro enfoque se basa en optimizar la eficiencia, seguridad y durabilidad de los equipos en condiciones de trabajo exigentes. Conf\u00eda en Coimsol para garantizar la operatividad y rendimiento \u00f3ptimo de tus proyectos mineros y maquinaria industrial.\t\t\t\t<\/div>\n\t\t\t<\/div>\n\t\t\t\t\t\t<\/div>\n\t\t\t\t<\/div>\n\t\t\t\t\t<\/div>\n\t\t\t\t<\/div>\n\t\t<div class=\"elementor-element elementor-element-61ace5de e-flex e-con-boxed glozin-responsive-column glozin-tablet-column--default glozin-responsive-column glozin-mobile-column--default glozin-responsive-column glozin-motion--var(--position) e-con e-parent\" data-id=\"61ace5de\" data-element_type=\"container\" data-e-type=\"container\">\n\t\t\t\t\t<div class=\"e-con-inner\">\n\t\t\t\t<div class=\"elementor-element elementor-element-49f698e4 elementor-widget elementor-widget-image\" data-id=\"49f698e4\" data-element_type=\"widget\" data-e-type=\"widget\" data-widget_type=\"image.default\">\n\t\t\t\t\t\t\t\t\t\t\t\t\t\t\t<img fetchpriority=\"high\" decoding=\"async\" width=\"2560\" height=\"1429\" src=\"https:\/\/coimsol.pe\/new\/wp-content\/uploads\/SERVICIOS-GENERALES-scaled.png\" class=\"attachment-full size-full wp-image-1000782\" alt=\"\" srcset=\"https:\/\/coimsol.pe\/new\/wp-content\/uploads\/SERVICIOS-GENERALES-scaled.png 2560w, https:\/\/coimsol.pe\/new\/wp-content\/uploads\/SERVICIOS-GENERALES-300x167.png 300w, https:\/\/coimsol.pe\/new\/wp-content\/uploads\/SERVICIOS-GENERALES-1024x572.png 1024w, https:\/\/coimsol.pe\/new\/wp-content\/uploads\/SERVICIOS-GENERALES-768x429.png 768w, https:\/\/coimsol.pe\/new\/wp-content\/uploads\/SERVICIOS-GENERALES-1536x857.png 1536w, https:\/\/coimsol.pe\/new\/wp-content\/uploads\/SERVICIOS-GENERALES-2048x1143.png 2048w, https:\/\/coimsol.pe\/new\/wp-content\/uploads\/SERVICIOS-GENERALES-600x335.png 600w, https:\/\/coimsol.pe\/new\/wp-content\/uploads\/SERVICIOS-GENERALES-scaled-130x73.png 130w\" sizes=\"(max-width: 2560px) 100vw, 2560px\" \/>\t\t\t\t\t\t\t\t\t\t\t\t\t\t\t<\/div>\n\t\t\t\t\t<\/div>\n\t\t\t\t<\/div>\n\t\t<div class=\"elementor-element elementor-element-45d89174 e-flex e-con-boxed glozin-responsive-column glozin-tablet-column--default glozin-responsive-column glozin-mobile-column--default glozin-responsive-column glozin-motion--var(--position) e-con e-parent\" data-id=\"45d89174\" data-element_type=\"container\" data-e-type=\"container\">\n\t\t\t\t\t<div class=\"e-con-inner\">\n\t\t\t\t<div class=\"elementor-element elementor-element-b10e564 elementor-widget-divider--view-line elementor-widget elementor-widget-divider\" data-id=\"b10e564\" data-element_type=\"widget\" data-e-type=\"widget\" data-widget_type=\"divider.default\">\n\t\t\t\t\t\t\t<div class=\"elementor-divider\">\n\t\t\t<span class=\"elementor-divider-separator\">\n\t\t\t\t\t\t<\/span>\n\t\t<\/div>\n\t\t\t\t\t\t<\/div>\n\t\t\t\t\t<\/div>\n\t\t\t\t<\/div>\n\t\t<div class=\"elementor-element elementor-element-4c087d23 e-flex e-con-boxed glozin-responsive-column glozin-tablet-column--default glozin-responsive-column glozin-mobile-column--default glozin-responsive-column glozin-motion--var(--position) e-con e-parent\" data-id=\"4c087d23\" data-element_type=\"container\" data-e-type=\"container\">\n\t\t\t\t\t<div class=\"e-con-inner\">\n\t\t<div class=\"elementor-element elementor-element-727cc576 e-con-full e-flex glozin-responsive-column glozin-tablet-column--default glozin-responsive-column glozin-mobile-column--default glozin-responsive-column glozin-motion--var(--position) e-con e-child\" data-id=\"727cc576\" data-element_type=\"container\" data-e-type=\"container\">\n\t\t\t\t<div class=\"elementor-element elementor-element-587bd5a8 elementor-widget elementor-widget-image\" data-id=\"587bd5a8\" data-element_type=\"widget\" data-e-type=\"widget\" data-widget_type=\"image.default\">\n\t\t\t\t\t\t\t\t\t\t\t\t\t\t\t<img decoding=\"async\" width=\"2560\" height=\"1429\" src=\"https:\/\/coimsol.pe\/new\/wp-content\/uploads\/ELECTRICO3-scaled.png\" class=\"attachment-full size-full wp-image-1000794\" alt=\"\" srcset=\"https:\/\/coimsol.pe\/new\/wp-content\/uploads\/ELECTRICO3-scaled.png 2560w, https:\/\/coimsol.pe\/new\/wp-content\/uploads\/ELECTRICO3-300x167.png 300w, https:\/\/coimsol.pe\/new\/wp-content\/uploads\/ELECTRICO3-1024x572.png 1024w, https:\/\/coimsol.pe\/new\/wp-content\/uploads\/ELECTRICO3-768x429.png 768w, https:\/\/coimsol.pe\/new\/wp-content\/uploads\/ELECTRICO3-1536x857.png 1536w, https:\/\/coimsol.pe\/new\/wp-content\/uploads\/ELECTRICO3-2048x1143.png 2048w, https:\/\/coimsol.pe\/new\/wp-content\/uploads\/ELECTRICO3-600x335.png 600w, https:\/\/coimsol.pe\/new\/wp-content\/uploads\/ELECTRICO3-scaled-130x73.png 130w\" sizes=\"(max-width: 2560px) 100vw, 2560px\" \/>\t\t\t\t\t\t\t\t\t\t\t\t\t\t\t<\/div>\n\t\t\t\t<\/div>\n\t\t<div class=\"elementor-element elementor-element-5efbf3c1 e-con-full e-flex glozin-responsive-column glozin-tablet-column--default glozin-responsive-column glozin-mobile-column--default glozin-responsive-column glozin-motion--var(--position) e-con e-child\" data-id=\"5efbf3c1\" data-element_type=\"container\" data-e-type=\"container\">\n\t\t\t\t<div class=\"elementor-element elementor-element-5aa25d83 elementor-widget elementor-widget-glozin-heading\" data-id=\"5aa25d83\" data-element_type=\"widget\" data-e-type=\"widget\" data-widget_type=\"glozin-heading.default\">\n\t\t\t\t<div class=\"elementor-widget-container\">\n\t\t\t\t\t\t\t<div class=\"glozin-heading-elementor\">\n\t\t\t\t<h2 class=\"glozin-heading d-flex align-items-center my-0 glozin-heading--default\">\n\t\t\t\t\t1.\u2060 \u2060Mantenimiento El\u00e9ctrico Industrial.\t\t\t\t<\/h2>\n\t\t\t<\/div>\n\t\t\t\t\t\t<\/div>\n\t\t\t\t<\/div>\n\t\t\t\t<div class=\"elementor-element elementor-element-3e664cca elementor-widget elementor-widget-glozin-heading\" data-id=\"3e664cca\" data-element_type=\"widget\" data-e-type=\"widget\" data-widget_type=\"glozin-heading.default\">\n\t\t\t\t<div class=\"elementor-widget-container\">\n\t\t\t\t\t\t\t<div class=\"glozin-heading-elementor\">\n\t\t\t\t<div class=\"glozin-heading d-flex align-items-center my-0 glozin-heading--default\">\n\t\t\t\t\tEn Coimsol realizamos mantenimiento integral de sistemas el\u00e9ctricos para equipos mineros, incluyendo perforaci\u00f3n diamantina y maquinaria trackless (jumbos y scoop). Ofrecemos mantenimiento preventivo y correctivo, diagn\u00f3stico de fallas, armado de tableros el\u00e9ctricos a medida y servicio especializado en motores de arranque y alternadores, garantizando mayor eficiencia operativa, reducci\u00f3n de tiempos de inactividad y una mayor vida \u00fatil de los equipos.\n\t\t\t\t<\/div>\n\t\t\t<\/div>\n\t\t\t\t\t\t<\/div>\n\t\t\t\t<\/div>\n\t\t\t\t<div class=\"elementor-element elementor-element-77c337b1 elementor-align-center elementor-widget elementor-widget-glozin-button\" data-id=\"77c337b1\" data-element_type=\"widget\" data-e-type=\"widget\" data-widget_type=\"glozin-button.default\">\n\t\t\t\t<div class=\"elementor-widget-container\">\n\t\t\t\t\t\t\t<a href=\"#\" class=\"glozin-button-link glozin-button gz-button\" aria-label=\"Link for Ver m\u00e1s\">\r\n\t\t\t\t\t\t\t\t\t\t\r\n\t\t\t<span class=\"glozin-button-text\">Ver m\u00e1s<\/span>\t\t<\/a>\r\n\t\t\t\t\t\t<\/div>\n\t\t\t\t<\/div>\n\t\t\t\t<\/div>\n\t\t\t\t\t<\/div>\n\t\t\t\t<\/div>\n\t\t<div class=\"elementor-element elementor-element-38166ddd e-flex e-con-boxed glozin-responsive-column glozin-tablet-column--default glozin-responsive-column glozin-mobile-column--default glozin-responsive-column glozin-motion--var(--position) e-con e-parent\" data-id=\"38166ddd\" data-element_type=\"container\" data-e-type=\"container\">\n\t\t\t\t\t<div class=\"e-con-inner\">\n\t\t<div class=\"elementor-element elementor-element-18574f2b e-con-full e-flex glozin-responsive-column glozin-tablet-column--default glozin-responsive-column glozin-mobile-column--default glozin-responsive-column glozin-motion--var(--position) e-con e-child\" data-id=\"18574f2b\" data-element_type=\"container\" data-e-type=\"container\">\n\t\t\t\t<div class=\"elementor-element elementor-element-47715ad3 elementor-widget elementor-widget-glozin-heading\" data-id=\"47715ad3\" data-element_type=\"widget\" data-e-type=\"widget\" data-widget_type=\"glozin-heading.default\">\n\t\t\t\t<div class=\"elementor-widget-container\">\n\t\t\t\t\t\t\t<div class=\"glozin-heading-elementor\">\n\t\t\t\t<h2 class=\"glozin-heading d-flex align-items-center my-0 glozin-heading--default\">\n\t\t\t\t\t2.\u2060 \u2060Dise\u00f1o de Planos de Piezas Mec\u00e1nicas y El\u00e9ctricas\t\t\t\t<\/h2>\n\t\t\t<\/div>\n\t\t\t\t\t\t<\/div>\n\t\t\t\t<\/div>\n\t\t\t\t<div class=\"elementor-element elementor-element-55e87d8f elementor-widget elementor-widget-glozin-heading\" data-id=\"55e87d8f\" data-element_type=\"widget\" data-e-type=\"widget\" data-widget_type=\"glozin-heading.default\">\n\t\t\t\t<div class=\"elementor-widget-container\">\n\t\t\t\t\t\t\t<div class=\"glozin-heading-elementor\">\n\t\t\t\t<div class=\"glozin-heading d-flex align-items-center my-0 glozin-heading--default\">\n\t\t\t\t\tCoimsol ofrece un servicio especializado en el dise\u00f1o de piezas mec\u00e1nicas, tableros el\u00e9ctricos y estructuras met\u00e1licas para equipos de perforaci\u00f3n diamantina y trackless, desarrollando soluciones a medida que garantizan alta calidad, seguridad y funcionalidad. Sus dise\u00f1os optimizan la eficiencia y durabilidad de los equipos, se adaptan a las exigentes condiciones de la miner\u00eda subterr\u00e1nea y cumplen con los m\u00e1s estrictos est\u00e1ndares y normativas del sector.\t\t\t\t<\/div>\n\t\t\t<\/div>\n\t\t\t\t\t\t<\/div>\n\t\t\t\t<\/div>\n\t\t\t\t<div class=\"elementor-element elementor-element-61c37533 elementor-align-center elementor-widget elementor-widget-glozin-button\" data-id=\"61c37533\" data-element_type=\"widget\" data-e-type=\"widget\" data-widget_type=\"glozin-button.default\">\n\t\t\t\t<div class=\"elementor-widget-container\">\n\t\t\t\t\t\t\t<a href=\"#\" class=\"glozin-button-link glozin-button gz-button\" aria-label=\"Link for Ver m\u00e1s\">\r\n\t\t\t\t\t\t\t\t\t\t\r\n\t\t\t<span class=\"glozin-button-text\">Ver m\u00e1s<\/span>\t\t<\/a>\r\n\t\t\t\t\t\t<\/div>\n\t\t\t\t<\/div>\n\t\t\t\t<\/div>\n\t\t<div class=\"elementor-element elementor-element-165f7c9 e-con-full e-flex glozin-responsive-column glozin-tablet-column--default glozin-responsive-column glozin-mobile-column--default glozin-responsive-column glozin-motion--var(--position) e-con e-child\" data-id=\"165f7c9\" data-element_type=\"container\" data-e-type=\"container\">\n\t\t\t\t<div class=\"elementor-element elementor-element-54ea32ce elementor-widget elementor-widget-image\" data-id=\"54ea32ce\" data-element_type=\"widget\" data-e-type=\"widget\" data-widget_type=\"image.default\">\n\t\t\t\t\t\t\t\t\t\t\t\t\t\t\t<img decoding=\"async\" width=\"1536\" height=\"1024\" src=\"https:\/\/coimsol.pe\/new\/wp-content\/uploads\/DISENO.png\" class=\"attachment-full size-full wp-image-1000805\" alt=\"\" srcset=\"https:\/\/coimsol.pe\/new\/wp-content\/uploads\/DISENO.png 1536w, https:\/\/coimsol.pe\/new\/wp-content\/uploads\/DISENO-300x200.png 300w, https:\/\/coimsol.pe\/new\/wp-content\/uploads\/DISENO-1024x683.png 1024w, https:\/\/coimsol.pe\/new\/wp-content\/uploads\/DISENO-768x512.png 768w, https:\/\/coimsol.pe\/new\/wp-content\/uploads\/DISENO-600x400.png 600w, https:\/\/coimsol.pe\/new\/wp-content\/uploads\/DISENO-130x87.png 130w\" sizes=\"(max-width: 1536px) 100vw, 1536px\" \/>\t\t\t\t\t\t\t\t\t\t\t\t\t\t\t<\/div>\n\t\t\t\t<\/div>\n\t\t\t\t\t<\/div>\n\t\t\t\t<\/div>\n\t\t<div class=\"elementor-element elementor-element-d672f24 e-flex e-con-boxed glozin-responsive-column glozin-tablet-column--default glozin-responsive-column glozin-mobile-column--default glozin-responsive-column glozin-motion--var(--position) e-con e-parent\" data-id=\"d672f24\" data-element_type=\"container\" data-e-type=\"container\">\n\t\t\t\t\t<div class=\"e-con-inner\">\n\t\t<div class=\"elementor-element elementor-element-f987b78 e-con-full e-flex glozin-responsive-column glozin-tablet-column--default glozin-responsive-column glozin-mobile-column--default glozin-responsive-column glozin-motion--var(--position) e-con e-child\" data-id=\"f987b78\" data-element_type=\"container\" data-e-type=\"container\">\n\t\t\t\t<div class=\"elementor-element elementor-element-df44e47 elementor-widget elementor-widget-image\" data-id=\"df44e47\" data-element_type=\"widget\" data-e-type=\"widget\" data-widget_type=\"image.default\">\n\t\t\t\t\t\t\t\t\t\t\t\t\t\t\t<img loading=\"lazy\" decoding=\"async\" width=\"2560\" height=\"1429\" src=\"https:\/\/coimsol.pe\/new\/wp-content\/uploads\/img_3-scaled.png\" class=\"attachment-full size-full wp-image-1000810\" alt=\"\" srcset=\"https:\/\/coimsol.pe\/new\/wp-content\/uploads\/img_3-scaled.png 2560w, https:\/\/coimsol.pe\/new\/wp-content\/uploads\/img_3-300x167.png 300w, https:\/\/coimsol.pe\/new\/wp-content\/uploads\/img_3-1024x572.png 1024w, https:\/\/coimsol.pe\/new\/wp-content\/uploads\/img_3-768x429.png 768w, https:\/\/coimsol.pe\/new\/wp-content\/uploads\/img_3-1536x857.png 1536w, https:\/\/coimsol.pe\/new\/wp-content\/uploads\/img_3-2048x1143.png 2048w, https:\/\/coimsol.pe\/new\/wp-content\/uploads\/img_3-600x335.png 600w, https:\/\/coimsol.pe\/new\/wp-content\/uploads\/img_3-scaled-130x73.png 130w\" sizes=\"(max-width: 2560px) 100vw, 2560px\" \/>\t\t\t\t\t\t\t\t\t\t\t\t\t\t\t<\/div>\n\t\t\t\t<\/div>\n\t\t<div class=\"elementor-element elementor-element-67b664f e-con-full e-flex glozin-responsive-column glozin-tablet-column--default glozin-responsive-column glozin-mobile-column--default glozin-responsive-column glozin-motion--var(--position) e-con e-child\" data-id=\"67b664f\" data-element_type=\"container\" data-e-type=\"container\">\n\t\t\t\t<div class=\"elementor-element elementor-element-2f85b8d elementor-widget elementor-widget-glozin-heading\" data-id=\"2f85b8d\" data-element_type=\"widget\" data-e-type=\"widget\" data-widget_type=\"glozin-heading.default\">\n\t\t\t\t<div class=\"elementor-widget-container\">\n\t\t\t\t\t\t\t<div class=\"glozin-heading-elementor\">\n\t\t\t\t<h2 class=\"glozin-heading d-flex align-items-center my-0 glozin-heading--default\">\n\t\t\t\t\t3.\u2060 \u2060Fabricaci\u00f3n de Estructuras de Estandarizaci\u00f3n para Equipos Mineros\t\t\t\t<\/h2>\n\t\t\t<\/div>\n\t\t\t\t\t\t<\/div>\n\t\t\t\t<\/div>\n\t\t\t\t<div class=\"elementor-element elementor-element-a375464 elementor-widget elementor-widget-glozin-heading\" data-id=\"a375464\" data-element_type=\"widget\" data-e-type=\"widget\" data-widget_type=\"glozin-heading.default\">\n\t\t\t\t<div class=\"elementor-widget-container\">\n\t\t\t\t\t\t\t<div class=\"glozin-heading-elementor\">\n\t\t\t\t<div class=\"glozin-heading d-flex align-items-center my-0 glozin-heading--default\">\n\t\t\t\t\tEn Coimsol nos especializamos en la fabricaci\u00f3n de estructuras de estandarizaci\u00f3n para equipos de perforaci\u00f3n diamantina y trackless, dise\u00f1adas para optimizar la operaci\u00f3n en miner\u00eda subterr\u00e1nea. Nuestras soluciones mejoran la seguridad y eficiencia de los equipos, se adaptan a los requerimientos t\u00e9cnicos de cada cliente y cumplen con los m\u00e1s altos est\u00e1ndares de calidad y seguridad.\n\t\t\t\t<\/div>\n\t\t\t<\/div>\n\t\t\t\t\t\t<\/div>\n\t\t\t\t<\/div>\n\t\t\t\t<div class=\"elementor-element elementor-element-ab58926 elementor-align-center elementor-widget elementor-widget-glozin-button\" data-id=\"ab58926\" data-element_type=\"widget\" data-e-type=\"widget\" data-widget_type=\"glozin-button.default\">\n\t\t\t\t<div class=\"elementor-widget-container\">\n\t\t\t\t\t\t\t<a href=\"#\" class=\"glozin-button-link glozin-button gz-button\" aria-label=\"Link for Ver m\u00e1s\">\r\n\t\t\t\t\t\t\t\t\t\t\r\n\t\t\t<span class=\"glozin-button-text\">Ver m\u00e1s<\/span>\t\t<\/a>\r\n\t\t\t\t\t\t<\/div>\n\t\t\t\t<\/div>\n\t\t\t\t<\/div>\n\t\t\t\t\t<\/div>\n\t\t\t\t<\/div>\n\t\t<div class=\"elementor-element elementor-element-3b7dca09 e-flex e-con-boxed glozin-responsive-column glozin-tablet-column--default glozin-responsive-column glozin-mobile-column--default glozin-responsive-column glozin-motion--var(--position) e-con e-parent\" data-id=\"3b7dca09\" data-element_type=\"container\" data-e-type=\"container\">\n\t\t\t\t\t<div class=\"e-con-inner\">\n\t\t\t\t<div class=\"elementor-element elementor-element-491a5b5c elementor-widget-divider--view-line elementor-widget elementor-widget-divider\" data-id=\"491a5b5c\" data-element_type=\"widget\" data-e-type=\"widget\" data-widget_type=\"divider.default\">\n\t\t\t\t\t\t\t<div class=\"elementor-divider\">\n\t\t\t<span class=\"elementor-divider-separator\">\n\t\t\t\t\t\t<\/span>\n\t\t<\/div>\n\t\t\t\t\t\t<\/div>\n\t\t\t\t\t<\/div>\n\t\t\t\t<\/div>\n\t\t\t\t<\/div>\n\t\t","protected":false},"excerpt":{"rendered":"<p>Instalaci\u00f3n y mantenimientode sistemas el\u00e9ctricos En Coimsol, ofrecemos soluciones t\u00e9cnicas y personalizadas para la industria minera y fabricantes de maquinaria de perforaci\u00f3n. brindamos una amplia gama de servicios especializados, desde el mantenimiento el\u00e9ctrico industrial de equipos de perforaci\u00f3n diamantina y trackless, hasta el dise\u00f1o y fabricaci\u00f3n de piezas mec\u00e1nicas, tableros el\u00e9ctricos y estructuras met\u00e1licas. Nuestro [&hellip;]<\/p>\n","protected":false},"author":1,"featured_media":0,"parent":0,"menu_order":0,"comment_status":"closed","ping_status":"closed","template":"","meta":{"_joinchat":[],"footnotes":""},"class_list":["post-415","page","type-page","status-publish","hentry"],"_hostinger_reach_plugin_has_subscription_block":false,"_hostinger_reach_plugin_is_elementor":false,"_links":{"self":[{"href":"https:\/\/coimsol.pe\/new\/wp-json\/wp\/v2\/pages\/415","targetHints":{"allow":["GET"]}}],"collection":[{"href":"https:\/\/coimsol.pe\/new\/wp-json\/wp\/v2\/pages"}],"about":[{"href":"https:\/\/coimsol.pe\/new\/wp-json\/wp\/v2\/types\/page"}],"author":[{"embeddable":true,"href":"https:\/\/coimsol.pe\/new\/wp-json\/wp\/v2\/users\/1"}],"replies":[{"embeddable":true,"href":"https:\/\/coimsol.pe\/new\/wp-json\/wp\/v2\/comments?post=415"}],"version-history":[{"count":74,"href":"https:\/\/coimsol.pe\/new\/wp-json\/wp\/v2\/pages\/415\/revisions"}],"predecessor-version":[{"id":1000813,"href":"https:\/\/coimsol.pe\/new\/wp-json\/wp\/v2\/pages\/415\/revisions\/1000813"}],"wp:attachment":[{"href":"https:\/\/coimsol.pe\/new\/wp-json\/wp\/v2\/media?parent=415"}],"curies":[{"name":"wp","href":"https:\/\/api.w.org\/{rel}","templated":true}]}}