{"id":534,"date":"2025-03-20T07:03:24","date_gmt":"2025-03-20T07:03:24","guid":{"rendered":"http:\/\/localhost\/glozin\/?page_id=534"},"modified":"2026-03-22T01:56:01","modified_gmt":"2026-03-22T01:56:01","slug":"contacto","status":"publish","type":"page","link":"https:\/\/coimsol.pe\/new\/contacto\/","title":{"rendered":"Contacto"},"content":{"rendered":"\t\t<div data-elementor-type=\"wp-page\" data-elementor-id=\"534\" class=\"elementor elementor-534\">\n\t\t\t\t<div class=\"elementor-element elementor-element-77d095f e-flex e-con-boxed glozin-responsive-column glozin-tablet-column--default glozin-responsive-column glozin-mobile-column--default glozin-responsive-column glozin-motion--var(--position) e-con e-parent\" data-id=\"77d095f\" data-element_type=\"container\" data-e-type=\"container\">\n\t\t\t\t\t<div class=\"e-con-inner\">\n\t\t\t\t<div class=\"elementor-element elementor-element-f19f136 elementor-widget elementor-widget-image\" data-id=\"f19f136\" data-element_type=\"widget\" data-e-type=\"widget\" data-widget_type=\"image.default\">\n\t\t\t\t\t\t\t\t\t\t\t\t\t\t\t<img fetchpriority=\"high\" decoding=\"async\" width=\"1600\" height=\"667\" src=\"https:\/\/coimsol.pe\/new\/wp-content\/uploads\/slide_1-1.jpg\" class=\"attachment-full size-full wp-image-1000512\" alt=\"\" srcset=\"https:\/\/coimsol.pe\/new\/wp-content\/uploads\/slide_1-1.jpg 1600w, https:\/\/coimsol.pe\/new\/wp-content\/uploads\/slide_1-1-300x125.jpg 300w, https:\/\/coimsol.pe\/new\/wp-content\/uploads\/slide_1-1-1024x427.jpg 1024w, https:\/\/coimsol.pe\/new\/wp-content\/uploads\/slide_1-1-768x320.jpg 768w, https:\/\/coimsol.pe\/new\/wp-content\/uploads\/slide_1-1-1536x640.jpg 1536w, https:\/\/coimsol.pe\/new\/wp-content\/uploads\/slide_1-1-600x250.jpg 600w, https:\/\/coimsol.pe\/new\/wp-content\/uploads\/slide_1-1-130x54.jpg 130w\" sizes=\"(max-width: 1600px) 100vw, 1600px\" \/>\t\t\t\t\t\t\t\t\t\t\t\t\t\t\t<\/div>\n\t\t\t\t\t<\/div>\n\t\t\t\t<\/div>\n\t\t<div class=\"elementor-element elementor-element-73bb7f30 e-flex e-con-boxed glozin-responsive-column glozin-tablet-column--default glozin-responsive-column glozin-mobile-column--default glozin-responsive-column glozin-motion--var(--position) e-con e-parent\" data-id=\"73bb7f30\" data-element_type=\"container\" data-e-type=\"container\">\n\t\t\t\t\t<div class=\"e-con-inner\">\n\t\t<div class=\"elementor-element elementor-element-224e8905 e-con-full e-flex glozin-responsive-column glozin-tablet-column--default glozin-responsive-column glozin-mobile-column--default glozin-responsive-column glozin-motion--var(--position) e-con e-child\" data-id=\"224e8905\" data-element_type=\"container\" data-e-type=\"container\">\n\t\t\t\t<div class=\"elementor-element elementor-element-1953bb69 elementor-widget elementor-widget-glozin-heading\" data-id=\"1953bb69\" data-element_type=\"widget\" data-e-type=\"widget\" data-widget_type=\"glozin-heading.default\">\n\t\t\t\t<div class=\"elementor-widget-container\">\n\t\t\t\t\t\t\t<div class=\"glozin-heading-elementor\">\n\t\t\t\t<h3 class=\"glozin-heading d-flex align-items-center my-0 glozin-heading--default\">\n\t\t\t\t\tNuestra tienda\t\t\t\t<\/h3>\n\t\t\t<\/div>\n\t\t\t\t\t\t<\/div>\n\t\t\t\t<\/div>\n\t\t\t\t<div class=\"elementor-element elementor-element-107e0d15 elementor-widget elementor-widget-glozin-heading\" data-id=\"107e0d15\" data-element_type=\"widget\" data-e-type=\"widget\" data-widget_type=\"glozin-heading.default\">\n\t\t\t\t<div class=\"elementor-widget-container\">\n\t\t\t\t\t\t\t<div class=\"glozin-heading-elementor\">\n\t\t\t\t<div class=\"glozin-heading d-flex align-items-center my-0 glozin-heading--default\">\n\t\t\t\t\tAv. Naranjal Mza. C Lote. 2 (Cuadra 13) Lima \u2013 Los Olivos. \t\t\t\t<\/div>\n\t\t\t<\/div>\n\t\t\t\t\t\t<\/div>\n\t\t\t\t<\/div>\n\t\t\t\t<div class=\"elementor-element elementor-element-43091db3 elementor-widget elementor-widget-glozin-heading\" data-id=\"43091db3\" data-element_type=\"widget\" data-e-type=\"widget\" data-widget_type=\"glozin-heading.default\">\n\t\t\t\t<div class=\"elementor-widget-container\">\n\t\t\t\t\t\t\t<div class=\"glozin-heading-elementor\">\n\t\t\t\t<h5 class=\"glozin-heading d-flex align-items-center my-0 glozin-heading--default\">\n\t\t\t\t\tAtenci\u00f3n al cliente:\t\t\t\t<\/h5>\n\t\t\t<\/div>\n\t\t\t\t\t\t<\/div>\n\t\t\t\t<\/div>\n\t\t\t\t<div class=\"elementor-element elementor-element-35e30441 elementor-widget elementor-widget-glozin-heading\" data-id=\"35e30441\" data-element_type=\"widget\" data-e-type=\"widget\" data-widget_type=\"glozin-heading.default\">\n\t\t\t\t<div class=\"elementor-widget-container\">\n\t\t\t\t\t\t\t<div class=\"glozin-heading-elementor\">\n\t\t\t\t<div class=\"glozin-heading d-flex align-items-center my-0 glozin-heading--default\">\n\t\t\t\t\tCel: + (91) 967 858 453<br>\nEmail: ventas@coimsol.pe<br>\nAtenci\u00f3n de lunes a s\u00e1bado: 8:00am - 5:00pm\n\t\t\t\t<\/div>\n\t\t\t<\/div>\n\t\t\t\t\t\t<\/div>\n\t\t\t\t<\/div>\n\t\t\t\t<div class=\"elementor-element elementor-element-73c4b02 elementor-widget elementor-widget-glozin-heading\" data-id=\"73c4b02\" data-element_type=\"widget\" data-e-type=\"widget\" data-widget_type=\"glozin-heading.default\">\n\t\t\t\t<div class=\"elementor-widget-container\">\n\t\t\t\t\t\t\t<div class=\"glozin-heading-elementor\">\n\t\t\t\t<h5 class=\"glozin-heading d-flex align-items-center my-0 glozin-heading--default\">\n\t\t\t\t\tVentas:\t\t\t\t<\/h5>\n\t\t\t<\/div>\n\t\t\t\t\t\t<\/div>\n\t\t\t\t<\/div>\n\t\t\t\t<div class=\"elementor-element elementor-element-7ce483bf elementor-widget elementor-widget-glozin-heading\" data-id=\"7ce483bf\" data-element_type=\"widget\" data-e-type=\"widget\" data-widget_type=\"glozin-heading.default\">\n\t\t\t\t<div class=\"elementor-widget-container\">\n\t\t\t\t\t\t\t<div class=\"glozin-heading-elementor\">\n\t\t\t\t<div class=\"glozin-heading d-flex align-items-center my-0 glozin-heading--default\">\n\t\t\t\t\tEmail: ventas@coimsol.pe\t\t\t\t<\/div>\n\t\t\t<\/div>\n\t\t\t\t\t\t<\/div>\n\t\t\t\t<\/div>\n\t\t\t\t<div class=\"elementor-element elementor-element-643c8143 elementor-widget elementor-widget-glozin-heading\" data-id=\"643c8143\" data-element_type=\"widget\" data-e-type=\"widget\" data-widget_type=\"glozin-heading.default\">\n\t\t\t\t<div class=\"elementor-widget-container\">\n\t\t\t\t\t\t\t<div class=\"glozin-heading-elementor\">\n\t\t\t\t<h5 class=\"glozin-heading d-flex align-items-center my-0 glozin-heading--default\">\n\t\t\t\t\tServicios:\t\t\t\t<\/h5>\n\t\t\t<\/div>\n\t\t\t\t\t\t<\/div>\n\t\t\t\t<\/div>\n\t\t\t\t<div class=\"elementor-element elementor-element-26b7a21b elementor-widget elementor-widget-glozin-heading\" data-id=\"26b7a21b\" data-element_type=\"widget\" data-e-type=\"widget\" data-widget_type=\"glozin-heading.default\">\n\t\t\t\t<div class=\"elementor-widget-container\">\n\t\t\t\t\t\t\t<div class=\"glozin-heading-elementor\">\n\t\t\t\t<div class=\"glozin-heading d-flex align-items-center my-0 glozin-heading--default\">\n\t\t\t\t\tEmail: servicios@coimsol.pe\t\t\t\t<\/div>\n\t\t\t<\/div>\n\t\t\t\t\t\t<\/div>\n\t\t\t\t<\/div>\n\t\t\t\t<\/div>\n\t\t<div class=\"elementor-element elementor-element-18f0b61e e-con-full e-flex glozin-responsive-column glozin-tablet-column--default glozin-responsive-column glozin-mobile-column--default glozin-responsive-column glozin-motion--var(--position) e-con e-child\" data-id=\"18f0b61e\" data-element_type=\"container\" data-e-type=\"container\">\n\t\t\t\t<div class=\"elementor-element elementor-element-2ad7058 elementor-widget elementor-widget-glozin-heading\" data-id=\"2ad7058\" data-element_type=\"widget\" data-e-type=\"widget\" data-widget_type=\"glozin-heading.default\">\n\t\t\t\t<div class=\"elementor-widget-container\">\n\t\t\t\t\t\t\t<div class=\"glozin-heading-elementor\">\n\t\t\t\t<h3 class=\"glozin-heading d-flex align-items-center my-0 glozin-heading--default\">\n\t\t\t\t\t\u00bfNecesitas una soluci\u00f3n para tu proyecto o empresa?\t\t\t\t<\/h3>\n\t\t\t<\/div>\n\t\t\t\t\t\t<\/div>\n\t\t\t\t<\/div>\n\t\t\t\t<div class=\"elementor-element elementor-element-647129d3 elementor-widget elementor-widget-glozin-heading\" data-id=\"647129d3\" data-element_type=\"widget\" data-e-type=\"widget\" data-widget_type=\"glozin-heading.default\">\n\t\t\t\t<div class=\"elementor-widget-container\">\n\t\t\t\t\t\t\t<div class=\"glozin-heading-elementor\">\n\t\t\t\t<div class=\"glozin-heading d-flex align-items-center my-0 glozin-heading--default\">\n\t\t\t\t\tCont\u00e1ctanos y nuestro equipo te brindar\u00e1 asesor\u00eda, cotizaci\u00f3n y atenci\u00f3n personalizada en productos industriales, ferreter\u00eda, automotriz y servicios especializados.\t\t\t\t<\/div>\n\t\t\t<\/div>\n\t\t\t\t\t\t<\/div>\n\t\t\t\t<\/div>\n\t\t\t\t<div class=\"elementor-element elementor-element-5aa3fd67 elementor-widget elementor-widget-glozin-contact-form\" data-id=\"5aa3fd67\" data-element_type=\"widget\" data-e-type=\"widget\" data-widget_type=\"glozin-contact-form.default\">\n\t\t\t\t<div class=\"elementor-widget-container\">\n\t\t\t\t\t\t\t<div class=\"glozin-contact-form\">\n\t\t\t\n<div class=\"wpcf7 no-js\" id=\"wpcf7-f541-o1\" lang=\"en-US\" dir=\"ltr\" data-wpcf7-id=\"541\">\n<div class=\"screen-reader-response\"><p role=\"status\" aria-live=\"polite\" aria-atomic=\"true\"><\/p> <ul><\/ul><\/div>\n<form action=\"\/new\/wp-json\/wp\/v2\/pages\/534#wpcf7-f541-o1\" method=\"post\" class=\"wpcf7-form init\" aria-label=\"Contact form\" novalidate=\"novalidate\" data-status=\"init\">\n<fieldset class=\"hidden-fields-container\"><input type=\"hidden\" name=\"_wpcf7\" value=\"541\" \/><input type=\"hidden\" name=\"_wpcf7_version\" value=\"6.1.4\" \/><input type=\"hidden\" name=\"_wpcf7_locale\" value=\"en_US\" \/><input type=\"hidden\" name=\"_wpcf7_unit_tag\" value=\"wpcf7-f541-o1\" \/><input type=\"hidden\" name=\"_wpcf7_container_post\" value=\"0\" \/><input type=\"hidden\" name=\"_wpcf7_posted_data_hash\" value=\"\" \/>\n<\/fieldset>\n<div class=\"contact-form-row d-flex flex-wrap flex-nowrap-md gap-20 mb-20\">\n\t<div class=\"wpcf7-form-row position-relative w-100\">\n\t\t<p><label for=\"username\">Your name<\/label><span class=\"wpcf7-form-control-wrap\" data-name=\"username\"><input size=\"40\" maxlength=\"400\" class=\"wpcf7-form-control wpcf7-text wpcf7-validates-as-required\" aria-required=\"true\" aria-invalid=\"false\" value=\"\" type=\"text\" name=\"username\" \/><\/span>\n\t\t<\/p>\n\t<\/div>\n\t<div class=\"wpcf7-form-row position-relative w-100\">\n\t\t<p><label for=\"email\">Your Email<\/label><span class=\"wpcf7-form-control-wrap\" data-name=\"email\"><input size=\"40\" maxlength=\"400\" class=\"wpcf7-form-control wpcf7-text wpcf7-validates-as-required\" aria-required=\"true\" aria-invalid=\"false\" value=\"\" type=\"text\" name=\"email\" \/><\/span>\n\t\t<\/p>\n\t<\/div>\n<\/div>\n<div class=\"contact-form-row wpcf7-form-row position-relative w-100 mb-20\">\n\t<p><label for=\"message\">Enter please your message<\/label><span class=\"wpcf7-form-control-wrap\" data-name=\"your-message\"><textarea cols=\"40\" rows=\"10\" maxlength=\"2000\" class=\"wpcf7-form-control wpcf7-textarea\" aria-invalid=\"false\" name=\"your-message\"><\/textarea><\/span>\n\t<\/p>\n<\/div>\n<div class=\"contact-form-row mb-30\">\n\t<p><span class=\"wpcf7-form-control-wrap\" data-name=\"privacy\"><span class=\"wpcf7-form-control wpcf7-acceptance\"><span class=\"wpcf7-list-item\"><label><input type=\"checkbox\" name=\"privacy\" value=\"1\" aria-invalid=\"false\" \/><span class=\"wpcf7-list-item-label\">I agree to the <a href=\"#\">Privacy Policy<\/a> of the website.<\/span><\/label><\/span><\/span><\/span>\n\t<\/p>\n<\/div>\n<div class=\"contact-form-row\">\n\t<p><button type=\"submit\" class=\"wpcf7-form-control wpcf7-submit has-spinner\">Send<\/button>\n\t<\/p>\n<\/div><div class=\"wpcf7-response-output\" aria-hidden=\"true\"><\/div>\n<\/form>\n<\/div>\n\t\t<\/div>\n\t\t\t\t\t\t<\/div>\n\t\t\t\t<\/div>\n\t\t\t\t<\/div>\n\t\t\t\t\t<\/div>\n\t\t\t\t<\/div>\n\t\t<div class=\"elementor-element elementor-element-2c03d08 e-flex e-con-boxed glozin-responsive-column glozin-tablet-column--default glozin-responsive-column glozin-mobile-column--default glozin-responsive-column glozin-motion--var(--position) e-con e-parent\" data-id=\"2c03d08\" data-element_type=\"container\" data-e-type=\"container\">\n\t\t\t\t\t<div class=\"e-con-inner\">\n\t\t\t\t<div class=\"elementor-element elementor-element-92f7c72 elementor-widget elementor-widget-spacer\" data-id=\"92f7c72\" data-element_type=\"widget\" data-e-type=\"widget\" data-widget_type=\"spacer.default\">\n\t\t\t\t\t\t\t<div class=\"elementor-spacer\">\n\t\t\t<div class=\"elementor-spacer-inner\"><\/div>\n\t\t<\/div>\n\t\t\t\t\t\t<\/div>\n\t\t\t\t\t<\/div>\n\t\t\t\t<\/div>\n\t\t<div class=\"elementor-element elementor-element-eb03f05 e-con-full e-flex glozin-responsive-column glozin-tablet-column--default glozin-responsive-column glozin-mobile-column--default glozin-responsive-column glozin-motion--var(--position) e-con e-parent\" data-id=\"eb03f05\" data-element_type=\"container\" data-e-type=\"container\">\n\t\t\t\t<div class=\"elementor-element elementor-element-cd39167 elementor-widget elementor-widget-google_maps\" data-id=\"cd39167\" data-element_type=\"widget\" data-e-type=\"widget\" data-widget_type=\"google_maps.default\">\n\t\t\t\t\t\t\t<div class=\"elementor-custom-embed\">\n\t\t\t<iframe loading=\"lazy\"\n\t\t\t\t\tsrc=\"https:\/\/maps.google.com\/maps?q=%20Lima%20%E2%80%93%20Los%20Olivos.%20Av.%20Naranjal%20Mza.%20C%20Lote.%202%20%28Cuadra%2013%29%20&#038;t=m&#038;z=15&#038;output=embed&#038;iwloc=near\"\n\t\t\t\t\ttitle=\" Lima \u2013 Los Olivos. Av. Naranjal Mza. C Lote. 2 (Cuadra 13) \"\n\t\t\t\t\taria-label=\" Lima \u2013 Los Olivos. Av. Naranjal Mza. C Lote. 2 (Cuadra 13) \"\n\t\t\t><\/iframe>\n\t\t<\/div>\n\t\t\t\t\t\t<\/div>\n\t\t\t\t<\/div>\n\t\t\t\t<\/div>\n\t\t","protected":false},"excerpt":{"rendered":"<p>Nuestra tienda Av. Naranjal Mza. C Lote. 2 (Cuadra 13) Lima \u2013 Los Olivos. Atenci\u00f3n al cliente: Cel: + (91) 967 858 453 Email: ventas@coimsol.pe Atenci\u00f3n de lunes a s\u00e1bado: 8:00am &#8211; 5:00pm Ventas: Email: ventas@coimsol.pe Servicios: Email: servicios@coimsol.pe \u00bfNecesitas una soluci\u00f3n para tu proyecto o empresa? Cont\u00e1ctanos y nuestro equipo te brindar\u00e1 asesor\u00eda, cotizaci\u00f3n [&hellip;]<\/p>\n","protected":false},"author":1,"featured_media":0,"parent":0,"menu_order":0,"comment_status":"closed","ping_status":"closed","template":"","meta":{"_joinchat":[],"footnotes":""},"class_list":["post-534","page","type-page","status-publish","hentry"],"_hostinger_reach_plugin_has_subscription_block":false,"_hostinger_reach_plugin_is_elementor":false,"_links":{"self":[{"href":"https:\/\/coimsol.pe\/new\/wp-json\/wp\/v2\/pages\/534","targetHints":{"allow":["GET"]}}],"collection":[{"href":"https:\/\/coimsol.pe\/new\/wp-json\/wp\/v2\/pages"}],"about":[{"href":"https:\/\/coimsol.pe\/new\/wp-json\/wp\/v2\/types\/page"}],"author":[{"embeddable":true,"href":"https:\/\/coimsol.pe\/new\/wp-json\/wp\/v2\/users\/1"}],"replies":[{"embeddable":true,"href":"https:\/\/coimsol.pe\/new\/wp-json\/wp\/v2\/comments?post=534"}],"version-history":[{"count":44,"href":"https:\/\/coimsol.pe\/new\/wp-json\/wp\/v2\/pages\/534\/revisions"}],"predecessor-version":[{"id":1000757,"href":"https:\/\/coimsol.pe\/new\/wp-json\/wp\/v2\/pages\/534\/revisions\/1000757"}],"wp:attachment":[{"href":"https:\/\/coimsol.pe\/new\/wp-json\/wp\/v2\/media?parent=534"}],"curies":[{"name":"wp","href":"https:\/\/api.w.org\/{rel}","templated":true}]}}