{"id":1000849,"date":"2026-03-22T18:29:00","date_gmt":"2026-03-22T18:29:00","guid":{"rendered":"https:\/\/coimsol.pe\/new\/?post_type=product&#038;p=1000849"},"modified":"2026-03-22T22:44:05","modified_gmt":"2026-03-22T22:44:05","slug":"gloss-poliuretano-catalizable-x-3-aluminio-fino-ga-8150-1-gln-anypsa","status":"publish","type":"product","link":"https:\/\/coimsol.pe\/new\/product\/gloss-poliuretano-catalizable-x-3-aluminio-fino-ga-8150-1-gln-anypsa\/","title":{"rendered":"GLOSS POLIURETANO CATALIZABLE X-3 ALUMINIO FINO GA-8150 1 GLN ANYPSA"},"content":{"rendered":"<p data-start=\"494\" data-end=\"674\"><strong data-start=\"494\" data-end=\"636\">El Gloss Poliuretano Catalizable X-3 de Anypsa est\u00e1 dise\u00f1ado para acabados finales de alto desempe\u00f1o. Sus principales caracter\u00edsticas son:<\/strong><\/p>\n<ul data-start=\"676\" data-end=\"2809\">\n<li data-section-id=\"1dx8uef\" data-start=\"676\" data-end=\"828\"><strong data-start=\"678\" data-end=\"748\">Poliuretano catalizable a base de resina de copol\u00edmero hidroxilado<\/strong>, formulado para acabados de alta calidad.<\/li>\n<li data-section-id=\"18apxyz\" data-start=\"829\" data-end=\"1027\"><strong data-start=\"831\" data-end=\"862\">Color Aluminio Fino GA-8150<\/strong>, dentro de la l\u00ednea X3 y con <strong data-start=\"892\" data-end=\"913\">acabado brillante<\/strong>. La ficha t\u00e9cnica indica que los colores se manejan seg\u00fan carta de colores.<\/li>\n<li data-section-id=\"vjgfy9\" data-start=\"1028\" data-end=\"1182\"><strong data-start=\"1030\" data-end=\"1112\">Uso recomendado en repintado automotriz, artefactos electrodom\u00e9sticos y madera<\/strong>, con acabado de brillo directo.<\/li>\n<li data-section-id=\"16fd76n\" data-start=\"1183\" data-end=\"1342\"><strong data-start=\"1185\" data-end=\"1202\">Secado r\u00e1pido<\/strong>, con <strong data-start=\"1208\" data-end=\"1246\">secado al tacto de 20 a 30 minutos<\/strong> y <strong data-start=\"1249\" data-end=\"1276\">secado duro en 24 horas<\/strong> para el sistema catalizado.<\/li>\n<li data-section-id=\"1uockyq\" data-start=\"1343\" data-end=\"1468\"><strong data-start=\"1345\" data-end=\"1378\">Excelente retenci\u00f3n de brillo<\/strong>, adem\u00e1s de <strong data-start=\"1390\" data-end=\"1429\">muy buena adherencia y flexibilidad<\/strong>.<\/li>\n<li data-section-id=\"1mm2icy\" data-start=\"1469\" data-end=\"1625\"><strong data-start=\"1471\" data-end=\"1548\">Alta resistencia a la intemperie, abrasi\u00f3n, desgaste, solventes e impacto<\/strong>, adecuada para aplicaciones exigentes.<\/li>\n<li data-section-id=\"2877mu\" data-start=\"1626\" data-end=\"1780\"><strong data-start=\"1628\" data-end=\"1681\">Aplicaci\u00f3n con soplete convencional a 45 &#8211; 55 psi<\/strong>, sobre superficies secas, limpias y libres de contaminantes.<\/li>\n<li data-section-id=\"ujyjmb\" data-start=\"1781\" data-end=\"1975\"><strong data-start=\"1783\" data-end=\"1818\">Mezcla para sistema catalizado:<\/strong> <strong data-start=\"1819\" data-end=\"1936\">4 partes de Gloss Poliuretano Catalizado X3 + 2 partes de Catalizador HSK 7000 X3 + 1 parte de Disolvente DA95 X3<\/strong>.<\/li>\n<li data-section-id=\"pvg9ks\" data-start=\"1976\" data-end=\"2153\"><strong data-start=\"1978\" data-end=\"2029\">Vida \u00fatil de la mezcla de hasta 6 horas a 25 \u00b0C<\/strong>, con recomendaci\u00f3n de aplicar <strong data-start=\"2060\" data-end=\"2075\">2 a 3 manos<\/strong> dejando orear de <strong data-start=\"2093\" data-end=\"2112\">10 a 15 minutos<\/strong>.<\/li>\n<li data-section-id=\"1xo2nfa\" data-start=\"2154\" data-end=\"2301\"><strong data-start=\"2156\" data-end=\"2198\">Rendimiento te\u00f3rico de 60 m\u00b2 por gal\u00f3n<\/strong>, dependiendo de la superficie, espesor y m\u00e9todo de aplicaci\u00f3n.<\/li>\n<li data-section-id=\"l77vbe\" data-start=\"2302\" data-end=\"2426\"><strong data-start=\"2304\" data-end=\"2337\">Espesor recomendado por capa:<\/strong> <strong data-start=\"2338\" data-end=\"2360\">4 &#8211; 5 mils h\u00famedos<\/strong> y <strong data-start=\"2363\" data-end=\"2385\">1.5 &#8211; 2 mils secos<\/strong>.<\/li>\n<li data-section-id=\"137nvb3\" data-start=\"2427\" data-end=\"2529\"><strong data-start=\"2429\" data-end=\"2488\">Presentaci\u00f3n en envase de hojalata de 1 gal\u00f3n (3.785 L)<\/strong>.<\/li>\n<li data-section-id=\"k31uen\" data-start=\"2530\" data-end=\"2655\"><strong data-start=\"2532\" data-end=\"2614\">Limpieza del equipo con Maestrazo Thinner Acr\u00edlico Automotriz Reforzado AC-350<\/strong>.<\/li>\n<li data-section-id=\"kntfcp\" data-start=\"2656\" data-end=\"2809\"><strong data-start=\"2658\" data-end=\"2689\">Producto inflamable a 34 \u00b0C<\/strong> y con <strong data-start=\"2696\" data-end=\"2741\">estabilidad de almacenamiento de 12 meses<\/strong> en lugares frescos y secos.<\/li>\n<\/ul>\n","protected":false},"excerpt":{"rendered":"<p><strong data-start=\"159\" data-end=\"428\">Gloss poliuretano catalizable Anypsa X-3 Aluminio Fino GA-8150 de 1 gal\u00f3n, ideal para acabados automotrices, industriales y sobre madera. Ofrece brillo directo, secado r\u00e1pido, buen rendimiento y alta resistencia a la intemperie para trabajos de acabado profesional.<\/strong><\/p>\n","protected":false},"featured_media":1000831,"comment_status":"open","ping_status":"closed","template":"","meta":{"_joinchat":[]},"product_brand":[93],"product_cat":[84],"product_tag":[],"class_list":{"0":"post-1000849","1":"product","2":"type-product","3":"status-publish","4":"has-post-thumbnail","6":"product_brand-anypsa","7":"product_cat-ferreteria-profesional","9":"first","10":"instock","11":"shipping-taxable","12":"product-type-simple"},"_links":{"self":[{"href":"https:\/\/coimsol.pe\/new\/wp-json\/wp\/v2\/product\/1000849","targetHints":{"allow":["GET"]}}],"collection":[{"href":"https:\/\/coimsol.pe\/new\/wp-json\/wp\/v2\/product"}],"about":[{"href":"https:\/\/coimsol.pe\/new\/wp-json\/wp\/v2\/types\/product"}],"replies":[{"embeddable":true,"href":"https:\/\/coimsol.pe\/new\/wp-json\/wp\/v2\/comments?post=1000849"}],"wp:featuredmedia":[{"embeddable":true,"href":"https:\/\/coimsol.pe\/new\/wp-json\/wp\/v2\/media\/1000831"}],"wp:attachment":[{"href":"https:\/\/coimsol.pe\/new\/wp-json\/wp\/v2\/media?parent=1000849"}],"wp:term":[{"taxonomy":"product_brand","embeddable":true,"href":"https:\/\/coimsol.pe\/new\/wp-json\/wp\/v2\/product_brand?post=1000849"},{"taxonomy":"product_cat","embeddable":true,"href":"https:\/\/coimsol.pe\/new\/wp-json\/wp\/v2\/product_cat?post=1000849"},{"taxonomy":"product_tag","embeddable":true,"href":"https:\/\/coimsol.pe\/new\/wp-json\/wp\/v2\/product_tag?post=1000849"}],"curies":[{"name":"wp","href":"https:\/\/api.w.org\/{rel}","templated":true}]}}