{"id":1000851,"date":"2026-03-22T18:31:13","date_gmt":"2026-03-22T18:31:13","guid":{"rendered":"https:\/\/coimsol.pe\/new\/?post_type=product&#038;p=1000851"},"modified":"2026-03-22T22:44:52","modified_gmt":"2026-03-22T22:44:52","slug":"gloss-poliuretano-catalizable-x-3-gris-claro-ga-7300-1-gln-anypsa","status":"publish","type":"product","link":"https:\/\/coimsol.pe\/new\/product\/gloss-poliuretano-catalizable-x-3-gris-claro-ga-7300-1-gln-anypsa\/","title":{"rendered":"GLOSS POLIURETANO CATALIZABLE X-3 GRIS CLARO GA-7300 1 GLN ANYPSA"},"content":{"rendered":"<p data-start=\"488\" data-end=\"668\"><strong data-start=\"488\" data-end=\"630\">El Gloss Poliuretano Catalizable X-3 de Anypsa est\u00e1 dise\u00f1ado para acabados finales de alto desempe\u00f1o. Sus principales caracter\u00edsticas son:<\/strong><\/p>\n<ul data-start=\"670\" data-end=\"2800\">\n<li data-section-id=\"1dx8uef\" data-start=\"670\" data-end=\"822\"><strong data-start=\"672\" data-end=\"742\">Poliuretano catalizable a base de resina de copol\u00edmero hidroxilado<\/strong>, formulado para acabados de alta calidad.<\/li>\n<li data-section-id=\"11tku7p\" data-start=\"823\" data-end=\"1018\"><strong data-start=\"825\" data-end=\"853\">Color Gris Claro GA-7300<\/strong>, dentro de la l\u00ednea X3 y con <strong data-start=\"883\" data-end=\"904\">acabado brillante<\/strong>. La ficha t\u00e9cnica indica que los colores se manejan seg\u00fan carta de colores.<\/li>\n<li data-section-id=\"vjgfy9\" data-start=\"1019\" data-end=\"1173\"><strong data-start=\"1021\" data-end=\"1103\">Uso recomendado en repintado automotriz, artefactos electrodom\u00e9sticos y madera<\/strong>, con acabado de brillo directo.<\/li>\n<li data-section-id=\"16fd76n\" data-start=\"1174\" data-end=\"1333\"><strong data-start=\"1176\" data-end=\"1193\">Secado r\u00e1pido<\/strong>, con <strong data-start=\"1199\" data-end=\"1237\">secado al tacto de 20 a 30 minutos<\/strong> y <strong data-start=\"1240\" data-end=\"1267\">secado duro en 24 horas<\/strong> para el sistema catalizado.<\/li>\n<li data-section-id=\"1uockyq\" data-start=\"1334\" data-end=\"1459\"><strong data-start=\"1336\" data-end=\"1369\">Excelente retenci\u00f3n de brillo<\/strong>, adem\u00e1s de <strong data-start=\"1381\" data-end=\"1420\">muy buena adherencia y flexibilidad<\/strong>.<\/li>\n<li data-section-id=\"1mm2icy\" data-start=\"1460\" data-end=\"1616\"><strong data-start=\"1462\" data-end=\"1539\">Alta resistencia a la intemperie, abrasi\u00f3n, desgaste, solventes e impacto<\/strong>, adecuada para aplicaciones exigentes.<\/li>\n<li data-section-id=\"2877mu\" data-start=\"1617\" data-end=\"1771\"><strong data-start=\"1619\" data-end=\"1672\">Aplicaci\u00f3n con soplete convencional a 45 &#8211; 55 psi<\/strong>, sobre superficies secas, limpias y libres de contaminantes.<\/li>\n<li data-section-id=\"ujyjmb\" data-start=\"1772\" data-end=\"1966\"><strong data-start=\"1774\" data-end=\"1809\">Mezcla para sistema catalizado:<\/strong> <strong data-start=\"1810\" data-end=\"1927\">4 partes de Gloss Poliuretano Catalizado X3 + 2 partes de Catalizador HSK 7000 X3 + 1 parte de Disolvente DA95 X3<\/strong>.<\/li>\n<li data-section-id=\"pvg9ks\" data-start=\"1967\" data-end=\"2144\"><strong data-start=\"1969\" data-end=\"2020\">Vida \u00fatil de la mezcla de hasta 6 horas a 25 \u00b0C<\/strong>, con recomendaci\u00f3n de aplicar <strong data-start=\"2051\" data-end=\"2066\">2 a 3 manos<\/strong> dejando orear de <strong data-start=\"2084\" data-end=\"2103\">10 a 15 minutos<\/strong>.<\/li>\n<li data-section-id=\"1xo2nfa\" data-start=\"2145\" data-end=\"2292\"><strong data-start=\"2147\" data-end=\"2189\">Rendimiento te\u00f3rico de 60 m\u00b2 por gal\u00f3n<\/strong>, dependiendo de la superficie, espesor y m\u00e9todo de aplicaci\u00f3n.<\/li>\n<li data-section-id=\"l77vbe\" data-start=\"2293\" data-end=\"2417\"><strong data-start=\"2295\" data-end=\"2328\">Espesor recomendado por capa:<\/strong> <strong data-start=\"2329\" data-end=\"2351\">4 &#8211; 5 mils h\u00famedos<\/strong> y <strong data-start=\"2354\" data-end=\"2376\">1.5 &#8211; 2 mils secos<\/strong>.<\/li>\n<li data-section-id=\"137nvb3\" data-start=\"2418\" data-end=\"2520\"><strong data-start=\"2420\" data-end=\"2479\">Presentaci\u00f3n en envase de hojalata de 1 gal\u00f3n (3.785 L)<\/strong>.<\/li>\n<li data-section-id=\"k31uen\" data-start=\"2521\" data-end=\"2646\"><strong data-start=\"2523\" data-end=\"2605\">Limpieza del equipo con Maestrazo Thinner Acr\u00edlico Automotriz Reforzado AC-350<\/strong>.<\/li>\n<li data-section-id=\"kntfcp\" data-start=\"2647\" data-end=\"2800\"><strong data-start=\"2649\" data-end=\"2680\">Producto inflamable a 34 \u00b0C<\/strong> y con <strong data-start=\"2687\" data-end=\"2732\">estabilidad de almacenamiento de 12 meses<\/strong> en lugares frescos y secos.<\/li>\n<\/ul>\n","protected":false},"excerpt":{"rendered":"<p><strong data-start=\"156\" data-end=\"422\">Gloss poliuretano catalizable Anypsa X-3 Gris Claro GA-7300 de 1 gal\u00f3n, ideal para acabados automotrices, industriales y sobre madera. Ofrece brillo directo, secado r\u00e1pido, buen rendimiento y alta resistencia a la intemperie para trabajos de acabado profesional.<\/strong><\/p>\n","protected":false},"featured_media":1000831,"comment_status":"open","ping_status":"closed","template":"","meta":{"_joinchat":[]},"product_brand":[93],"product_cat":[84],"product_tag":[],"class_list":{"0":"post-1000851","1":"product","2":"type-product","3":"status-publish","4":"has-post-thumbnail","6":"product_brand-anypsa","7":"product_cat-ferreteria-profesional","9":"first","10":"instock","11":"shipping-taxable","12":"product-type-simple"},"_links":{"self":[{"href":"https:\/\/coimsol.pe\/new\/wp-json\/wp\/v2\/product\/1000851","targetHints":{"allow":["GET"]}}],"collection":[{"href":"https:\/\/coimsol.pe\/new\/wp-json\/wp\/v2\/product"}],"about":[{"href":"https:\/\/coimsol.pe\/new\/wp-json\/wp\/v2\/types\/product"}],"replies":[{"embeddable":true,"href":"https:\/\/coimsol.pe\/new\/wp-json\/wp\/v2\/comments?post=1000851"}],"wp:featuredmedia":[{"embeddable":true,"href":"https:\/\/coimsol.pe\/new\/wp-json\/wp\/v2\/media\/1000831"}],"wp:attachment":[{"href":"https:\/\/coimsol.pe\/new\/wp-json\/wp\/v2\/media?parent=1000851"}],"wp:term":[{"taxonomy":"product_brand","embeddable":true,"href":"https:\/\/coimsol.pe\/new\/wp-json\/wp\/v2\/product_brand?post=1000851"},{"taxonomy":"product_cat","embeddable":true,"href":"https:\/\/coimsol.pe\/new\/wp-json\/wp\/v2\/product_cat?post=1000851"},{"taxonomy":"product_tag","embeddable":true,"href":"https:\/\/coimsol.pe\/new\/wp-json\/wp\/v2\/product_tag?post=1000851"}],"curies":[{"name":"wp","href":"https:\/\/api.w.org\/{rel}","templated":true}]}}