{"id":1000853,"date":"2026-03-22T18:35:50","date_gmt":"2026-03-22T18:35:50","guid":{"rendered":"https:\/\/coimsol.pe\/new\/?post_type=product&#038;p=1000853"},"modified":"2026-03-22T22:45:37","modified_gmt":"2026-03-22T22:45:37","slug":"gloss-poliuretano-catalizable-x-3-rojo-bermellon-ga-3600-1-gln-anypsa","status":"publish","type":"product","link":"https:\/\/coimsol.pe\/new\/product\/gloss-poliuretano-catalizable-x-3-rojo-bermellon-ga-3600-1-gln-anypsa\/","title":{"rendered":"GLOSS POLIURETANO CATALIZABLE X-3 ROJO BERMELLON GA-3600 1 GLN ANYPSA"},"content":{"rendered":"<p data-start=\"496\" data-end=\"676\"><strong data-start=\"496\" data-end=\"638\">El Gloss Poliuretano Catalizable X-3 de Anypsa est\u00e1 dise\u00f1ado para acabados finales de alto desempe\u00f1o. Sus principales caracter\u00edsticas son:<\/strong><\/p>\n<ul data-start=\"678\" data-end=\"2812\">\n<li data-section-id=\"1dx8uef\" data-start=\"678\" data-end=\"830\"><strong data-start=\"680\" data-end=\"750\">Poliuretano catalizable a base de resina de copol\u00edmero hidroxilado<\/strong>, formulado para acabados de alta calidad.<\/li>\n<li data-section-id=\"194blio\" data-start=\"831\" data-end=\"1030\"><strong data-start=\"833\" data-end=\"865\">Color Rojo Bermell\u00f3n GA-3600<\/strong>, dentro de la l\u00ednea X3 y con <strong data-start=\"895\" data-end=\"916\">acabado brillante<\/strong>. La ficha t\u00e9cnica indica que los colores se manejan seg\u00fan carta de colores.<\/li>\n<li data-section-id=\"vjgfy9\" data-start=\"1031\" data-end=\"1185\"><strong data-start=\"1033\" data-end=\"1115\">Uso recomendado en repintado automotriz, artefactos electrodom\u00e9sticos y madera<\/strong>, con acabado de brillo directo.<\/li>\n<li data-section-id=\"16fd76n\" data-start=\"1186\" data-end=\"1345\"><strong data-start=\"1188\" data-end=\"1205\">Secado r\u00e1pido<\/strong>, con <strong data-start=\"1211\" data-end=\"1249\">secado al tacto de 20 a 30 minutos<\/strong> y <strong data-start=\"1252\" data-end=\"1279\">secado duro en 24 horas<\/strong> para el sistema catalizado.<\/li>\n<li data-section-id=\"1uockyq\" data-start=\"1346\" data-end=\"1471\"><strong data-start=\"1348\" data-end=\"1381\">Excelente retenci\u00f3n de brillo<\/strong>, adem\u00e1s de <strong data-start=\"1393\" data-end=\"1432\">muy buena adherencia y flexibilidad<\/strong>.<\/li>\n<li data-section-id=\"1mm2icy\" data-start=\"1472\" data-end=\"1628\"><strong data-start=\"1474\" data-end=\"1551\">Alta resistencia a la intemperie, abrasi\u00f3n, desgaste, solventes e impacto<\/strong>, adecuada para aplicaciones exigentes.<\/li>\n<li data-section-id=\"2877mu\" data-start=\"1629\" data-end=\"1783\"><strong data-start=\"1631\" data-end=\"1684\">Aplicaci\u00f3n con soplete convencional a 45 &#8211; 55 psi<\/strong>, sobre superficies secas, limpias y libres de contaminantes.<\/li>\n<li data-section-id=\"ujyjmb\" data-start=\"1784\" data-end=\"1978\"><strong data-start=\"1786\" data-end=\"1821\">Mezcla para sistema catalizado:<\/strong> <strong data-start=\"1822\" data-end=\"1939\">4 partes de Gloss Poliuretano Catalizado X3 + 2 partes de Catalizador HSK 7000 X3 + 1 parte de Disolvente DA95 X3<\/strong>.<\/li>\n<li data-section-id=\"pvg9ks\" data-start=\"1979\" data-end=\"2156\"><strong data-start=\"1981\" data-end=\"2032\">Vida \u00fatil de la mezcla de hasta 6 horas a 25 \u00b0C<\/strong>, con recomendaci\u00f3n de aplicar <strong data-start=\"2063\" data-end=\"2078\">2 a 3 manos<\/strong> dejando orear de <strong data-start=\"2096\" data-end=\"2115\">10 a 15 minutos<\/strong>.<\/li>\n<li data-section-id=\"1xo2nfa\" data-start=\"2157\" data-end=\"2304\"><strong data-start=\"2159\" data-end=\"2201\">Rendimiento te\u00f3rico de 60 m\u00b2 por gal\u00f3n<\/strong>, dependiendo de la superficie, espesor y m\u00e9todo de aplicaci\u00f3n.<\/li>\n<li data-section-id=\"l77vbe\" data-start=\"2305\" data-end=\"2429\"><strong data-start=\"2307\" data-end=\"2340\">Espesor recomendado por capa:<\/strong> <strong data-start=\"2341\" data-end=\"2363\">4 &#8211; 5 mils h\u00famedos<\/strong> y <strong data-start=\"2366\" data-end=\"2388\">1.5 &#8211; 2 mils secos<\/strong>.<\/li>\n<li data-section-id=\"137nvb3\" data-start=\"2430\" data-end=\"2532\"><strong data-start=\"2432\" data-end=\"2491\">Presentaci\u00f3n en envase de hojalata de 1 gal\u00f3n (3.785 L)<\/strong>.<\/li>\n<li data-section-id=\"k31uen\" data-start=\"2533\" data-end=\"2658\"><strong data-start=\"2535\" data-end=\"2617\">Limpieza del equipo con Maestrazo Thinner Acr\u00edlico Automotriz Reforzado AC-350<\/strong>.<\/li>\n<li data-section-id=\"kntfcp\" data-start=\"2659\" data-end=\"2812\"><strong data-start=\"2661\" data-end=\"2692\">Producto inflamable a 34 \u00b0C<\/strong> y con <strong data-start=\"2699\" data-end=\"2744\">estabilidad de almacenamiento de 12 meses<\/strong> en lugares frescos y secos.<\/li>\n<\/ul>\n","protected":false},"excerpt":{"rendered":"<p><strong data-start=\"160\" data-end=\"430\">Gloss poliuretano catalizable Anypsa X-3 Rojo Bermell\u00f3n GA-3600 de 1 gal\u00f3n, ideal para acabados automotrices, industriales y sobre madera. Ofrece brillo directo, secado r\u00e1pido, buen rendimiento y alta resistencia a la intemperie para trabajos de acabado profesional.<\/strong><\/p>\n","protected":false},"featured_media":1000831,"comment_status":"open","ping_status":"closed","template":"","meta":{"_joinchat":[]},"product_brand":[93],"product_cat":[84],"product_tag":[],"class_list":{"0":"post-1000853","1":"product","2":"type-product","3":"status-publish","4":"has-post-thumbnail","6":"product_brand-anypsa","7":"product_cat-ferreteria-profesional","9":"first","10":"instock","11":"shipping-taxable","12":"product-type-simple"},"_links":{"self":[{"href":"https:\/\/coimsol.pe\/new\/wp-json\/wp\/v2\/product\/1000853","targetHints":{"allow":["GET"]}}],"collection":[{"href":"https:\/\/coimsol.pe\/new\/wp-json\/wp\/v2\/product"}],"about":[{"href":"https:\/\/coimsol.pe\/new\/wp-json\/wp\/v2\/types\/product"}],"replies":[{"embeddable":true,"href":"https:\/\/coimsol.pe\/new\/wp-json\/wp\/v2\/comments?post=1000853"}],"wp:featuredmedia":[{"embeddable":true,"href":"https:\/\/coimsol.pe\/new\/wp-json\/wp\/v2\/media\/1000831"}],"wp:attachment":[{"href":"https:\/\/coimsol.pe\/new\/wp-json\/wp\/v2\/media?parent=1000853"}],"wp:term":[{"taxonomy":"product_brand","embeddable":true,"href":"https:\/\/coimsol.pe\/new\/wp-json\/wp\/v2\/product_brand?post=1000853"},{"taxonomy":"product_cat","embeddable":true,"href":"https:\/\/coimsol.pe\/new\/wp-json\/wp\/v2\/product_cat?post=1000853"},{"taxonomy":"product_tag","embeddable":true,"href":"https:\/\/coimsol.pe\/new\/wp-json\/wp\/v2\/product_tag?post=1000853"}],"curies":[{"name":"wp","href":"https:\/\/api.w.org\/{rel}","templated":true}]}}